{"id":3012,"date":"2020-05-07T15:37:25","date_gmt":"2020-05-07T15:37:25","guid":{"rendered":"https:\/\/the7.io\/fashion-store\/?page_id=3012"},"modified":"2020-10-20T19:12:30","modified_gmt":"2020-10-20T17:12:30","slug":"o-nama","status":"publish","type":"page","link":"https:\/\/crobox.ba\/office\/o-nama\/","title":{"rendered":"O nama"},"content":{"rendered":"\t\t<div data-elementor-type=\"wp-page\" data-elementor-id=\"3012\" class=\"elementor elementor-3012\" data-elementor-settings=\"[]\">\n\t\t\t\t\t\t<div class=\"elementor-inner\">\n\t\t\t\t\t\t\t<div class=\"elementor-section-wrap\">\n\t\t\t\t\t\t\t<section class=\"elementor-section elementor-top-section elementor-element elementor-element-7faa6ffc elementor-section-boxed elementor-section-height-default elementor-section-height-default\" data-id=\"7faa6ffc\" data-element_type=\"section\">\n\t\t\t\t\t\t<div class=\"elementor-container elementor-column-gap-wider\">\n\t\t\t\t\t\t\t<div class=\"elementor-row\">\n\t\t\t\t\t<div class=\"elementor-column elementor-col-100 elementor-top-column elementor-element elementor-element-c974559\" data-id=\"c974559\" data-element_type=\"column\">\n\t\t\t<div class=\"elementor-column-wrap elementor-element-populated\">\n\t\t\t\t\t\t\t<div class=\"elementor-widget-wrap\">\n\t\t\t\t\t\t<section class=\"elementor-section elementor-inner-section elementor-element elementor-element-21b930f elementor-section-boxed elementor-section-height-default elementor-section-height-default\" data-id=\"21b930f\" data-element_type=\"section\">\n\t\t\t\t\t\t<div class=\"elementor-container elementor-column-gap-default\">\n\t\t\t\t\t\t\t<div class=\"elementor-row\">\n\t\t\t\t\t<div class=\"elementor-column elementor-col-50 elementor-inner-column elementor-element elementor-element-c2d2551\" data-id=\"c2d2551\" data-element_type=\"column\">\n\t\t\t<div class=\"elementor-column-wrap elementor-element-populated\">\n\t\t\t\t\t\t\t<div class=\"elementor-widget-wrap\">\n\t\t\t\t\t\t<div class=\"elementor-element elementor-element-6fb8878 elementor-widget elementor-widget-heading\" data-id=\"6fb8878\" data-element_type=\"widget\" data-widget_type=\"heading.default\">\n\t\t\t\t<div class=\"elementor-widget-container\">\n\t\t\t<p class=\"elementor-heading-title elementor-size-default\">O nama<\/p>\t\t<\/div>\n\t\t\t\t<\/div>\n\t\t\t\t<div class=\"elementor-element elementor-element-316c32d elementor-widget elementor-widget-text-editor\" data-id=\"316c32d\" data-element_type=\"widget\" data-widget_type=\"text-editor.default\">\n\t\t\t\t<div class=\"elementor-widget-container\">\n\t\t\t\t\t<div class=\"elementor-text-editor elementor-clearfix\"><p>Kompanija\u00a0<b>Crobox d.o.o. Sarajevo<\/b>, Franjeva\u010dka br.6, osnovana je 1992. godine i 100% je u privatnom vlasni\u0161tvu. Kompanija posjeduje vlasititi poslovni prostor i vlastita dostavna vozila.<\/p><p>Osnovna djelatnost kompanije je trgovina na veliko \u0161irokim robnim asortimanom sa posebnim naglaskom na potro\u0161ni kancelarijski materijal.<\/p><\/div>\n\t\t\t\t<\/div>\n\t\t\t\t<\/div>\n\t\t\t\t\t\t<\/div>\n\t\t\t\t\t<\/div>\n\t\t<\/div>\n\t\t\t\t<div class=\"elementor-column elementor-col-50 elementor-inner-column elementor-element elementor-element-6a5339f\" data-id=\"6a5339f\" data-element_type=\"column\">\n\t\t\t<div class=\"elementor-column-wrap elementor-element-populated\">\n\t\t\t\t\t\t\t<div class=\"elementor-widget-wrap\">\n\t\t\t\t\t\t<div class=\"elementor-element elementor-element-01ce427 elementor-widget elementor-widget-image\" data-id=\"01ce427\" data-element_type=\"widget\" data-widget_type=\"image.default\">\n\t\t\t\t<div class=\"elementor-widget-container\">\n\t\t\t\t\t<div class=\"elementor-image\">\n\t\t\t\t\t\t\t\t\t\t<img width=\"600\" height=\"380\" src=\"https:\/\/crobox.ba\/office\/wp-content\/uploads\/2020\/10\/new-office.jpg\" class=\"attachment-large size-large\" alt=\"\" loading=\"lazy\" srcset=\"https:\/\/crobox.ba\/office\/wp-content\/uploads\/2020\/10\/new-office.jpg 600w, https:\/\/crobox.ba\/office\/wp-content\/uploads\/2020\/10\/new-office-300x190.jpg 300w\" sizes=\"(max-width: 600px) 100vw, 600px\" \/>\t\t\t\t\t\t\t\t\t\t\t<\/div>\n\t\t\t\t<\/div>\n\t\t\t\t<\/div>\n\t\t\t\t\t\t<\/div>\n\t\t\t\t\t<\/div>\n\t\t<\/div>\n\t\t\t\t\t\t\t\t<\/div>\n\t\t\t\t\t<\/div>\n\t\t<\/section>\n\t\t\t\t\t\t<\/div>\n\t\t\t\t\t<\/div>\n\t\t<\/div>\n\t\t\t\t\t\t\t\t<\/div>\n\t\t\t\t\t<\/div>\n\t\t<\/section>\n\t\t\t\t<section class=\"elementor-section elementor-top-section elementor-element elementor-element-c85d23c elementor-section-boxed elementor-section-height-default elementor-section-height-default\" data-id=\"c85d23c\" data-element_type=\"section\">\n\t\t\t\t\t\t<div class=\"elementor-container elementor-column-gap-default\">\n\t\t\t\t\t\t\t<div class=\"elementor-row\">\n\t\t\t\t\t<div class=\"elementor-column elementor-col-100 elementor-top-column elementor-element elementor-element-8354c2a\" data-id=\"8354c2a\" data-element_type=\"column\">\n\t\t\t<div class=\"elementor-column-wrap elementor-element-populated\">\n\t\t\t\t\t\t\t<div class=\"elementor-widget-wrap\">\n\t\t\t\t\t\t<div class=\"elementor-element elementor-element-47eab21 elementor-widget elementor-widget-divider\" data-id=\"47eab21\" data-element_type=\"widget\" data-widget_type=\"divider.default\">\n\t\t\t\t<div class=\"elementor-widget-container\">\n\t\t\t\t\t<div class=\"elementor-divider\">\n\t\t\t<span class=\"elementor-divider-separator\">\n\t\t\t\t\t\t<\/span>\n\t\t<\/div>\n\t\t\t\t<\/div>\n\t\t\t\t<\/div>\n\t\t\t\t\t\t<\/div>\n\t\t\t\t\t<\/div>\n\t\t<\/div>\n\t\t\t\t\t\t\t\t<\/div>\n\t\t\t\t\t<\/div>\n\t\t<\/section>\n\t\t\t\t<section class=\"elementor-section elementor-top-section elementor-element elementor-element-0da9375 elementor-section-boxed elementor-section-height-default elementor-section-height-default\" data-id=\"0da9375\" data-element_type=\"section\">\n\t\t\t\t\t\t<div class=\"elementor-container elementor-column-gap-default\">\n\t\t\t\t\t\t\t<div class=\"elementor-row\">\n\t\t\t\t\t<div class=\"elementor-column elementor-col-100 elementor-top-column elementor-element elementor-element-e95851d\" data-id=\"e95851d\" data-element_type=\"column\">\n\t\t\t<div class=\"elementor-column-wrap elementor-element-populated\">\n\t\t\t\t\t\t\t<div class=\"elementor-widget-wrap\">\n\t\t\t\t\t\t<section class=\"elementor-section elementor-inner-section elementor-element elementor-element-07cd6bc elementor-section-boxed elementor-section-height-default elementor-section-height-default\" data-id=\"07cd6bc\" data-element_type=\"section\">\n\t\t\t\t\t\t<div class=\"elementor-container elementor-column-gap-default\">\n\t\t\t\t\t\t\t<div class=\"elementor-row\">\n\t\t\t\t\t<div class=\"elementor-column elementor-col-50 elementor-inner-column elementor-element elementor-element-9177ecf\" data-id=\"9177ecf\" data-element_type=\"column\">\n\t\t\t<div class=\"elementor-column-wrap elementor-element-populated\">\n\t\t\t\t\t\t\t<div class=\"elementor-widget-wrap\">\n\t\t\t\t\t\t<div class=\"elementor-element elementor-element-fbc5aca elementor-view-default elementor-widget elementor-widget-icon\" data-id=\"fbc5aca\" data-element_type=\"widget\" data-widget_type=\"icon.default\">\n\t\t\t\t<div class=\"elementor-widget-container\">\n\t\t\t\t\t<div class=\"elementor-icon-wrapper\">\n\t\t\t<div class=\"elementor-icon\">\n\t\t\t<svg xmlns=\"http:\/\/www.w3.org\/2000\/svg\" xmlns:xlink=\"http:\/\/www.w3.org\/1999\/xlink\" width=\"180px\" height=\"180px\" viewBox=\"0 0 180 180\"><title>Group 8<\/title><desc>Created with Sketch.<\/desc><defs><\/defs><g id=\"Page-1\" stroke=\"none\" stroke-width=\"1\" fill=\"none\" fill-rule=\"evenodd\"><g id=\"1-1-2-Office\" transform=\"translate(-351.000000, -930.000000)\" fill-rule=\"nonzero\"><g id=\"Misija-Vizija\" transform=\"translate(0.000000, 800.000000)\"><g id=\"Group-12\" transform=\"translate(351.000000, 130.000000)\"><g id=\"Group-8\"><circle id=\"Oval-2\" fill=\"#FFFFFF\" cx=\"90\" cy=\"90\" r=\"90\"><\/circle><g id=\"Mission\" transform=\"translate(41.000000, 49.000000)\"><g id=\"mission\"><g id=\"Group-7\"><path d=\"M61.7831814,2.43129372 C61.7831814,1.08824707 60.6904073,0 59.3417736,0 L33.4781513,0 C32.1295177,0 31.0367436,1.08824707 31.0367436,2.43129372 L31.0367436,17.8901075 C31.0367436,19.2331541 32.1295177,20.3214012 33.4781513,20.3214012 L56.9003659,20.3214012 L56.9003659,27.1893197 L33.4781513,50.5219592 L27.4455956,44.5118012 C26.9342021,44.0025262 26.2187069,43.7461057 25.5022351,43.8089952 C24.7818571,43.8728572 24.1269087,44.2514906 23.7141481,44.8427813 L0.436790341,78.1806807 C-0.0820901795,78.9236841 -0.143288133,79.8923115 0.277936078,80.6946384 C0.698834769,81.4972895 1.53281964,81.9997569 2.44167436,81.9997569 L95.5520819,81.9997569 C95.554686,82.000081 95.5572902,82.000081 95.5585923,81.9997569 C96.9072259,81.9997569 98,80.9115098 98,79.5684632 C98,78.9904636 97.7975259,78.459469 97.4593096,78.042259 L61.7831814,27.4279107 L61.7831814,2.43129372 Z M35.9195591,15.4588138 L35.9195591,4.86258743 L56.9003659,4.86258743 L56.9003659,15.4588138 L35.9195591,15.4588138 Z M7.1125756,77.1378178 L26.0562719,50.0062008 L31.7512623,55.680192 C32.2092704,56.1359785 32.8303645,56.3923989 33.4781513,56.3923989 C34.1256127,56.3923989 34.7467068,56.1359785 35.2047149,55.680192 L59.0136485,31.9621114 L90.8554645,77.1378178 L7.1125756,77.1378178 Z\" id=\"Shape\" fill=\"#011AA1\"><\/path><path d=\"M44,58 L58,44\" id=\"Line\" stroke=\"#9D9D9D\" stroke-width=\"10\" stroke-linecap=\"square\"><\/path><\/g><\/g><\/g><\/g><\/g><\/g><\/g><\/g><\/svg>\t\t\t<\/div>\n\t\t<\/div>\n\t\t\t\t<\/div>\n\t\t\t\t<\/div>\n\t\t\t\t<div class=\"elementor-element elementor-element-b302b60 elementor-widget elementor-widget-heading\" data-id=\"b302b60\" data-element_type=\"widget\" data-widget_type=\"heading.default\">\n\t\t\t\t<div class=\"elementor-widget-container\">\n\t\t\t<p class=\"elementor-heading-title elementor-size-default\">Misija<\/p>\t\t<\/div>\n\t\t\t\t<\/div>\n\t\t\t\t<div class=\"elementor-element elementor-element-f5e9ff2 elementor-widget elementor-widget-text-editor\" data-id=\"f5e9ff2\" data-element_type=\"widget\" data-widget_type=\"text-editor.default\">\n\t\t\t\t<div class=\"elementor-widget-container\">\n\t\t\t\t\t<div class=\"elementor-text-editor elementor-clearfix\"><div class=\"col medium-6 small-12 large-6\"><div class=\"col-inner\"><p>Na\u0161a misija je snabdijevanje tr\u017ei\u0161ta potro\u0161nim kancelarijskim materijalom, priborom i opremom za kancelariju kao i ispunjavanje zahtjeva, potreba i o\u010dekivanja na\u0161ih kupaca. Na\u0161 strate\u0161ki interes je potpuna afirmacija na tr\u017ei\u0161tu Bosne i Hercegovine.<\/p><\/div><\/div><div class=\"col medium-6 small-12 large-6\"><div class=\"col-inner\">\u00a0<\/div><\/div><\/div>\n\t\t\t\t<\/div>\n\t\t\t\t<\/div>\n\t\t\t\t\t\t<\/div>\n\t\t\t\t\t<\/div>\n\t\t<\/div>\n\t\t\t\t<div class=\"elementor-column elementor-col-50 elementor-inner-column elementor-element elementor-element-3c1bff5\" data-id=\"3c1bff5\" data-element_type=\"column\">\n\t\t\t<div class=\"elementor-column-wrap elementor-element-populated\">\n\t\t\t\t\t\t\t<div class=\"elementor-widget-wrap\">\n\t\t\t\t\t\t<div class=\"elementor-element elementor-element-721f46d elementor-view-default elementor-widget elementor-widget-icon\" data-id=\"721f46d\" data-element_type=\"widget\" data-widget_type=\"icon.default\">\n\t\t\t\t<div class=\"elementor-widget-container\">\n\t\t\t\t\t<div class=\"elementor-icon-wrapper\">\n\t\t\t<div class=\"elementor-icon\">\n\t\t\t<svg xmlns=\"http:\/\/www.w3.org\/2000\/svg\" xmlns:xlink=\"http:\/\/www.w3.org\/1999\/xlink\" width=\"180px\" height=\"180px\" viewBox=\"0 0 180 180\"><title>Group 2<\/title><desc>Created with Sketch.<\/desc><defs><\/defs><g id=\"Page-1\" stroke=\"none\" stroke-width=\"1\" fill=\"none\" fill-rule=\"evenodd\"><g id=\"1-1-2-Office\" transform=\"translate(-351.000000, -1186.000000)\" fill-rule=\"nonzero\"><g id=\"Misija-Vizija\" transform=\"translate(0.000000, 800.000000)\"><g id=\"Group-10\" transform=\"translate(351.000000, 386.000000)\"><g id=\"Group-2\"><circle id=\"Oval-2\" fill=\"#FFFFFF\" cx=\"90\" cy=\"90\" r=\"90\"><\/circle><g id=\"Vision\" transform=\"translate(42.000000, 64.000000)\"><path d=\"M48.5,53 C37.5922179,53 25.852769,48.7171361 14.5508777,40.6140634 C6.10210841,34.5568072 0.887403855,28.5557306 0.66950276,28.3028125 C-0.223167587,27.2680074 -0.223167587,25.7319926 0.66950276,24.6969672 C0.887403855,24.4444897 6.10188897,18.4429725 14.5508777,12.3857163 C25.8529884,4.28330451 37.5924373,0 48.5,0 C59.4077821,0 71.1474505,4.2830842 82.4491223,12.3857163 C90.8978916,18.4429725 96.1125961,24.4442694 96.3304972,24.6969672 C97.2231676,25.7317723 97.2231676,27.2677871 96.3304972,28.3028125 C96.1125961,28.55529 90.898111,34.5568072 82.4491223,40.6140634 C71.1474505,48.7169158 59.4080015,53 48.5,53 Z M6.5036784,26.5002203 C8.61246946,28.6590569 12.5924011,32.4552517 17.8472627,36.2095873 C25.0513845,41.3562943 36.2172247,47.4922018 48.5,47.4922018 C60.7827753,47.4922018 71.9488349,41.3562943 79.1527373,36.2095873 C84.4069405,32.4559127 88.3870917,28.6592772 90.4963216,26.5002203 C88.38775,24.3413837 84.4075989,20.5451889 79.1527373,16.7908533 C71.9488349,11.643926 60.7827753,5.50823883 48.5,5.50823883 C36.2172247,5.50823883 25.0513845,11.643926 17.8472627,16.7908533 C12.5930595,20.544528 8.61290833,24.3407228 6.5036784,26.5002203 Z\" id=\"Shape\" fill=\"#011AA1\"><\/path><path d=\"M48.0001097,44 C38.6261395,44 31,36.3736903 31,27 C31,17.6263097 38.6261395,10 48.0001097,10 C52.1226911,10 56.09962,11.4946839 59.1978077,14.2089806 C60.3369248,15.2068258 60.4514287,16.939071 59.4535771,18.0781806 C58.4557255,19.2172903 56.7232498,19.3315742 55.5843522,18.3339484 C53.4864289,16.4959742 50.7927341,15.483871 47.9998903,15.483871 C41.6497461,15.483871 36.483687,20.6501161 36.483687,27 C36.483687,33.3498839 41.6497461,38.516129 47.9998903,38.516129 C54.3502539,38.516129 59.5160937,33.3498839 59.5160937,27 C59.5160937,25.4857935 60.7438306,24.2580645 62.2580468,24.2580645 C63.772263,24.2580645 65,25.4857935 65,27 C65.0004387,36.3736903 57.3740798,44 48.0001097,44 Z\" id=\"Shape\" fill=\"#9D9D9D\"><\/path><path d=\"M48.5,32 C45.4673,32 43,29.5327 43,26.5 C43,23.4673 45.4673,21 48.5,21 C51.53292,21 54,23.4673 54,26.5 C54,29.5327 51.53292,32 48.5,32 Z\" id=\"Shape\" fill=\"#011AA1\"><\/path><\/g><\/g><\/g><\/g><\/g><\/g><\/svg>\t\t\t<\/div>\n\t\t<\/div>\n\t\t\t\t<\/div>\n\t\t\t\t<\/div>\n\t\t\t\t<div class=\"elementor-element elementor-element-156b9e4 elementor-widget elementor-widget-heading\" data-id=\"156b9e4\" data-element_type=\"widget\" data-widget_type=\"heading.default\">\n\t\t\t\t<div class=\"elementor-widget-container\">\n\t\t\t<p class=\"elementor-heading-title elementor-size-default\">Vizija<\/p>\t\t<\/div>\n\t\t\t\t<\/div>\n\t\t\t\t<div class=\"elementor-element elementor-element-e91d998 elementor-widget elementor-widget-text-editor\" data-id=\"e91d998\" data-element_type=\"widget\" data-widget_type=\"text-editor.default\">\n\t\t\t\t<div class=\"elementor-widget-container\">\n\t\t\t\t\t<div class=\"elementor-text-editor elementor-clearfix\"><div class=\"col medium-6 small-12 large-6\"><div class=\"col-inner\"><p>Na\u0161a vizija je prepoznatljivost po vrhunskom kvalitetu usluga i efikasnoj organizaciji poslovanja.<\/p><\/div><\/div><\/div>\n\t\t\t\t<\/div>\n\t\t\t\t<\/div>\n\t\t\t\t\t\t<\/div>\n\t\t\t\t\t<\/div>\n\t\t<\/div>\n\t\t\t\t\t\t\t\t<\/div>\n\t\t\t\t\t<\/div>\n\t\t<\/section>\n\t\t\t\t\t\t<\/div>\n\t\t\t\t\t<\/div>\n\t\t<\/div>\n\t\t\t\t\t\t\t\t<\/div>\n\t\t\t\t\t<\/div>\n\t\t<\/section>\n\t\t\t\t<section class=\"elementor-section elementor-top-section elementor-element elementor-element-97ff87b elementor-section-boxed elementor-section-height-default elementor-section-height-default\" data-id=\"97ff87b\" data-element_type=\"section\">\n\t\t\t\t\t\t<div class=\"elementor-container elementor-column-gap-default\">\n\t\t\t\t\t\t\t<div class=\"elementor-row\">\n\t\t\t\t\t<div class=\"elementor-column elementor-col-100 elementor-top-column elementor-element elementor-element-8ec5cae\" data-id=\"8ec5cae\" data-element_type=\"column\">\n\t\t\t<div class=\"elementor-column-wrap elementor-element-populated\">\n\t\t\t\t\t\t\t<div class=\"elementor-widget-wrap\">\n\t\t\t\t\t\t<div class=\"elementor-element elementor-element-a3385cd elementor-widget elementor-widget-divider\" data-id=\"a3385cd\" data-element_type=\"widget\" data-widget_type=\"divider.default\">\n\t\t\t\t<div class=\"elementor-widget-container\">\n\t\t\t\t\t<div class=\"elementor-divider\">\n\t\t\t<span class=\"elementor-divider-separator\">\n\t\t\t\t\t\t<\/span>\n\t\t<\/div>\n\t\t\t\t<\/div>\n\t\t\t\t<\/div>\n\t\t\t\t\t\t<\/div>\n\t\t\t\t\t<\/div>\n\t\t<\/div>\n\t\t\t\t\t\t\t\t<\/div>\n\t\t\t\t\t<\/div>\n\t\t<\/section>\n\t\t\t\t<section class=\"elementor-section elementor-top-section elementor-element elementor-element-380a313 elementor-section-boxed elementor-section-height-default elementor-section-height-default\" data-id=\"380a313\" data-element_type=\"section\">\n\t\t\t\t\t\t<div class=\"elementor-container elementor-column-gap-default\">\n\t\t\t\t\t\t\t<div class=\"elementor-row\">\n\t\t\t\t\t<div class=\"elementor-column elementor-col-50 elementor-top-column elementor-element elementor-element-1d6f324\" data-id=\"1d6f324\" data-element_type=\"column\">\n\t\t\t<div class=\"elementor-column-wrap elementor-element-populated\">\n\t\t\t\t\t\t\t<div class=\"elementor-widget-wrap\">\n\t\t\t\t\t\t<div class=\"elementor-element elementor-element-2e1232f elementor-widget elementor-widget-image\" data-id=\"2e1232f\" data-element_type=\"widget\" data-widget_type=\"image.default\">\n\t\t\t\t<div class=\"elementor-widget-container\">\n\t\t\t\t\t<div class=\"elementor-image\">\n\t\t\t\t\t\t\t\t\t\t<img width=\"600\" height=\"527\" src=\"https:\/\/crobox.ba\/office\/wp-content\/uploads\/2020\/10\/benjamin-child-17946-unsplash.jpg\" class=\"attachment-large size-large\" alt=\"\" loading=\"lazy\" srcset=\"https:\/\/crobox.ba\/office\/wp-content\/uploads\/2020\/10\/benjamin-child-17946-unsplash.jpg 600w, https:\/\/crobox.ba\/office\/wp-content\/uploads\/2020\/10\/benjamin-child-17946-unsplash-300x264.jpg 300w\" sizes=\"(max-width: 600px) 100vw, 600px\" \/>\t\t\t\t\t\t\t\t\t\t\t<\/div>\n\t\t\t\t<\/div>\n\t\t\t\t<\/div>\n\t\t\t\t\t\t<\/div>\n\t\t\t\t\t<\/div>\n\t\t<\/div>\n\t\t\t\t<div class=\"elementor-column elementor-col-50 elementor-top-column elementor-element elementor-element-1d5d0c9\" data-id=\"1d5d0c9\" data-element_type=\"column\">\n\t\t\t<div class=\"elementor-column-wrap elementor-element-populated\">\n\t\t\t\t\t\t\t<div class=\"elementor-widget-wrap\">\n\t\t\t\t\t\t<div class=\"elementor-element elementor-element-210c10d elementor-widget elementor-widget-heading\" data-id=\"210c10d\" data-element_type=\"widget\" data-widget_type=\"heading.default\">\n\t\t\t\t<div class=\"elementor-widget-container\">\n\t\t\t<p class=\"elementor-heading-title elementor-size-default\">Potrebe i zadovoljstvo kupaca su najva\u017enije vrijednosti prema kojima mjerimo i odre\u0111ujemo svoju ukupnu uspje\u0161nost.<\/p>\t\t<\/div>\n\t\t\t\t<\/div>\n\t\t\t\t<div class=\"elementor-element elementor-element-6d07087 elementor-widget elementor-widget-text-editor\" data-id=\"6d07087\" data-element_type=\"widget\" data-widget_type=\"text-editor.default\">\n\t\t\t\t<div class=\"elementor-widget-container\">\n\t\t\t\t\t<div class=\"elementor-text-editor elementor-clearfix\"><p>U tom cilju utvr\u0111ujemo sljede\u0107e principe politike kvaliteta : obezbijediti zahtijevani kvalitet proizvoda, usluga i odnosa zainteresirati i privu\u0107i nove kupce koji \u0107e firmi donijeti pove\u0107anje profita pobolj\u0161avati kvalitet svih poslovnih procesa unutar firme razvijati partnerske odnose sa kupcima i dobavlja\u010dima razvijati timski rad me\u0111u uposlenicima pridr\u017eavati se zakonskih propisa i internih propisa Preduze\u0107a u cilju zakonitosti poslovanja postavljati ambiciozne,mjerljive i ostvarljive ciljeve u korist firme i njenih uposlenika primjenjivati i pobolj\u0161avati sistem upravljanja kvalitetom temeljnog na zahtjevima ISO 9000 : 2000 raditi na o\u010duvanju, za\u0161titi i unapre\u0111enju \u017eivotne i radne sredine.<\/p><\/div>\n\t\t\t\t<\/div>\n\t\t\t\t<\/div>\n\t\t\t\t\t\t<\/div>\n\t\t\t\t\t<\/div>\n\t\t<\/div>\n\t\t\t\t\t\t\t\t<\/div>\n\t\t\t\t\t<\/div>\n\t\t<\/section>\n\t\t\t\t<section class=\"elementor-section elementor-top-section elementor-element elementor-element-5604504 elementor-section-boxed elementor-section-height-default elementor-section-height-default\" data-id=\"5604504\" data-element_type=\"section\">\n\t\t\t\t\t\t<div class=\"elementor-container elementor-column-gap-default\">\n\t\t\t\t\t\t\t<div class=\"elementor-row\">\n\t\t\t\t\t<div class=\"elementor-column elementor-col-100 elementor-top-column elementor-element elementor-element-df92f40\" data-id=\"df92f40\" data-element_type=\"column\">\n\t\t\t<div class=\"elementor-column-wrap elementor-element-populated\">\n\t\t\t\t\t\t\t<div class=\"elementor-widget-wrap\">\n\t\t\t\t\t\t<div class=\"elementor-element elementor-element-a81045b elementor-widget elementor-widget-divider\" data-id=\"a81045b\" data-element_type=\"widget\" data-widget_type=\"divider.default\">\n\t\t\t\t<div class=\"elementor-widget-container\">\n\t\t\t\t\t<div class=\"elementor-divider\">\n\t\t\t<span class=\"elementor-divider-separator\">\n\t\t\t\t\t\t<\/span>\n\t\t<\/div>\n\t\t\t\t<\/div>\n\t\t\t\t<\/div>\n\t\t\t\t\t\t<\/div>\n\t\t\t\t\t<\/div>\n\t\t<\/div>\n\t\t\t\t\t\t\t\t<\/div>\n\t\t\t\t\t<\/div>\n\t\t<\/section>\n\t\t\t\t<section class=\"elementor-section elementor-top-section elementor-element elementor-element-c7a6ff9 elementor-hidden-tablet elementor-hidden-phone elementor-section-boxed elementor-section-height-default elementor-section-height-default\" data-id=\"c7a6ff9\" data-element_type=\"section\" data-settings=\"{&quot;background_background&quot;:&quot;classic&quot;}\">\n\t\t\t\t\t\t<div class=\"elementor-container elementor-column-gap-default\">\n\t\t\t\t\t\t\t<div class=\"elementor-row\">\n\t\t\t\t\t<div class=\"elementor-column elementor-col-100 elementor-top-column elementor-element elementor-element-947223e\" data-id=\"947223e\" data-element_type=\"column\">\n\t\t\t<div class=\"elementor-column-wrap elementor-element-populated\">\n\t\t\t\t\t\t\t<div class=\"elementor-widget-wrap\">\n\t\t\t\t\t\t<div class=\"elementor-element elementor-element-c50a848 elementor-widget elementor-widget-heading\" data-id=\"c50a848\" data-element_type=\"widget\" data-widget_type=\"heading.default\">\n\t\t\t\t<div class=\"elementor-widget-container\">\n\t\t\t<p class=\"elementor-heading-title elementor-size-default\">Uvjerite se u na\u0161 kvalitet<\/p>\t\t<\/div>\n\t\t\t\t<\/div>\n\t\t\t\t<div class=\"elementor-element elementor-element-9bf5ffa elementor-align-center elementor-widget elementor-widget-button\" data-id=\"9bf5ffa\" data-element_type=\"widget\" data-widget_type=\"button.default\">\n\t\t\t\t<div class=\"elementor-widget-container\">\n\t\t\t\t\t<div class=\"elementor-button-wrapper\">\n\t\t\t<a href=\"\/office\/kontakt\/\" class=\"elementor-button-link elementor-button elementor-size-sm\" role=\"button\">\n\t\t\t\t\t\t<span class=\"elementor-button-content-wrapper\">\n\t\t\t\t\t\t<span class=\"elementor-button-text\">KONTAKTIRAJTE NAS<\/span>\n\t\t<\/span>\n\t\t\t\t\t<\/a>\n\t\t<\/div>\n\t\t\t\t<\/div>\n\t\t\t\t<\/div>\n\t\t\t\t\t\t<\/div>\n\t\t\t\t\t<\/div>\n\t\t<\/div>\n\t\t\t\t\t\t\t\t<\/div>\n\t\t\t\t\t<\/div>\n\t\t<\/section>\n\t\t\t\t<section class=\"elementor-section elementor-top-section elementor-element elementor-element-d468b2e elementor-hidden-desktop elementor-section-boxed elementor-section-height-default elementor-section-height-default\" data-id=\"d468b2e\" data-element_type=\"section\" data-settings=\"{&quot;background_background&quot;:&quot;classic&quot;,&quot;background_motion_fx_motion_fx_scrolling&quot;:&quot;yes&quot;,&quot;background_motion_fx_translateY_effect&quot;:&quot;yes&quot;,&quot;background_motion_fx_translateY_speed&quot;:{&quot;unit&quot;:&quot;px&quot;,&quot;size&quot;:6.1,&quot;sizes&quot;:[]},&quot;background_motion_fx_translateY_affectedRange&quot;:{&quot;unit&quot;:&quot;%&quot;,&quot;size&quot;:&quot;&quot;,&quot;sizes&quot;:{&quot;start&quot;:0,&quot;end&quot;:100}},&quot;background_motion_fx_devices&quot;:[&quot;desktop&quot;,&quot;tablet&quot;,&quot;mobile&quot;]}\">\n\t\t\t\t\t\t<div class=\"elementor-container elementor-column-gap-default\">\n\t\t\t\t\t\t\t<div class=\"elementor-row\">\n\t\t\t\t\t<div class=\"elementor-column elementor-col-100 elementor-top-column elementor-element elementor-element-3920213\" data-id=\"3920213\" data-element_type=\"column\">\n\t\t\t<div class=\"elementor-column-wrap elementor-element-populated\">\n\t\t\t\t\t\t\t<div class=\"elementor-widget-wrap\">\n\t\t\t\t\t\t<div class=\"elementor-element elementor-element-224610e elementor-widget elementor-widget-heading\" data-id=\"224610e\" data-element_type=\"widget\" data-widget_type=\"heading.default\">\n\t\t\t\t<div class=\"elementor-widget-container\">\n\t\t\t<p class=\"elementor-heading-title elementor-size-default\">Uvjerite se u na\u0161 kvalitet<\/p>\t\t<\/div>\n\t\t\t\t<\/div>\n\t\t\t\t<div class=\"elementor-element elementor-element-586676c elementor-align-center elementor-widget elementor-widget-button\" data-id=\"586676c\" data-element_type=\"widget\" data-widget_type=\"button.default\">\n\t\t\t\t<div class=\"elementor-widget-container\">\n\t\t\t\t\t<div class=\"elementor-button-wrapper\">\n\t\t\t<a href=\"\/kontakt\/\" class=\"elementor-button-link elementor-button elementor-size-sm\" role=\"button\">\n\t\t\t\t\t\t<span class=\"elementor-button-content-wrapper\">\n\t\t\t\t\t\t<span class=\"elementor-button-text\">KONTAKTIRAJTE NAS<\/span>\n\t\t<\/span>\n\t\t\t\t\t<\/a>\n\t\t<\/div>\n\t\t\t\t<\/div>\n\t\t\t\t<\/div>\n\t\t\t\t\t\t<\/div>\n\t\t\t\t\t<\/div>\n\t\t<\/div>\n\t\t\t\t\t\t\t\t<\/div>\n\t\t\t\t\t<\/div>\n\t\t<\/section>\n\t\t\t\t\t\t<\/div>\n\t\t\t\t\t\t<\/div>\n\t\t\t\t\t<\/div>\n\t\t","protected":false},"excerpt":{"rendered":"<p>O nama Kompanija\u00a0Crobox d.o.o. Sarajevo, Franjeva\u010dka br.6, osnovana je 1992. godine i 100% je u privatnom vlasni\u0161tvu. Kompanija posjeduje vlasititi poslovni prostor i vlastita dostavna vozila. Osnovna djelatnost kompanije je trgovina na veliko \u0161irokim robnim asortimanom sa posebnim naglaskom na potro\u0161ni kancelarijski materijal. Group 8Created with Sketch. Misija Na\u0161a misija je snabdijevanje tr\u017ei\u0161ta potro\u0161nim kancelarijskim&hellip;<\/p>\n","protected":false},"author":1,"featured_media":0,"parent":0,"menu_order":160,"comment_status":"closed","ping_status":"closed","template":"elementor_header_footer","meta":[],"_links":{"self":[{"href":"https:\/\/crobox.ba\/office\/wp-json\/wp\/v2\/pages\/3012"}],"collection":[{"href":"https:\/\/crobox.ba\/office\/wp-json\/wp\/v2\/pages"}],"about":[{"href":"https:\/\/crobox.ba\/office\/wp-json\/wp\/v2\/types\/page"}],"author":[{"embeddable":true,"href":"https:\/\/crobox.ba\/office\/wp-json\/wp\/v2\/users\/1"}],"replies":[{"embeddable":true,"href":"https:\/\/crobox.ba\/office\/wp-json\/wp\/v2\/comments?post=3012"}],"version-history":[{"count":13,"href":"https:\/\/crobox.ba\/office\/wp-json\/wp\/v2\/pages\/3012\/revisions"}],"predecessor-version":[{"id":5542,"href":"https:\/\/crobox.ba\/office\/wp-json\/wp\/v2\/pages\/3012\/revisions\/5542"}],"wp:attachment":[{"href":"https:\/\/crobox.ba\/office\/wp-json\/wp\/v2\/media?parent=3012"}],"curies":[{"name":"wp","href":"https:\/\/api.w.org\/{rel}","templated":true}]}}