{"id":5201,"date":"2020-10-07T06:20:56","date_gmt":"2020-10-07T06:20:56","guid":{"rendered":"https:\/\/crobox.ba\/office\/product\/casa-za-olovke-zicana-srebrna-fornax\/"},"modified":"2020-10-07T06:21:01","modified_gmt":"2020-10-07T06:21:01","slug":"casa-za-olovke-zicana-srebrna-fornax","status":"publish","type":"product","link":"https:\/\/crobox.ba\/office\/product\/casa-za-olovke-zicana-srebrna-fornax\/","title":{"rendered":"\u010cA\u0160A ZA OLOVKE \u017dI\u010cANA SREBRNA FORNAX"},"content":{"rendered":"<p>Jedinica mjere: KOM<\/p>\n","protected":false},"excerpt":{"rendered":"<p>Jedinica mjere: KOM<\/p>\n","protected":false},"featured_media":4384,"comment_status":"closed","ping_status":"open","template":"","meta":[],"_links":{"self":[{"href":"https:\/\/crobox.ba\/office\/wp-json\/wp\/v2\/product\/5201"}],"collection":[{"href":"https:\/\/crobox.ba\/office\/wp-json\/wp\/v2\/product"}],"about":[{"href":"https:\/\/crobox.ba\/office\/wp-json\/wp\/v2\/types\/product"}],"replies":[{"embeddable":true,"href":"https:\/\/crobox.ba\/office\/wp-json\/wp\/v2\/comments?post=5201"}],"wp:featuredmedia":[{"embeddable":true,"href":"https:\/\/crobox.ba\/office\/wp-json\/wp\/v2\/media\/4384"}],"wp:attachment":[{"href":"https:\/\/crobox.ba\/office\/wp-json\/wp\/v2\/media?parent=5201"}],"curies":[{"name":"wp","href":"https:\/\/api.w.org\/{rel}","templated":true}]}}