{"id":5202,"date":"2020-10-07T06:20:56","date_gmt":"2020-10-07T06:20:56","guid":{"rendered":"https:\/\/crobox.ba\/office\/product\/casa-za-spajalice-zicana-crna-fornax\/"},"modified":"2020-10-07T06:21:02","modified_gmt":"2020-10-07T06:21:02","slug":"casa-za-spajalice-zicana-crna-fornax","status":"publish","type":"product","link":"https:\/\/crobox.ba\/office\/product\/casa-za-spajalice-zicana-crna-fornax\/","title":{"rendered":"\u010cA\u0160A ZA SPAJALICE \u017dI\u010cANA CRNA FORNAX"},"content":{"rendered":"<p>Jedinica mjere: KOM<\/p>\n","protected":false},"excerpt":{"rendered":"<p>Jedinica mjere: KOM<\/p>\n","protected":false},"featured_media":4386,"comment_status":"closed","ping_status":"open","template":"","meta":[],"_links":{"self":[{"href":"https:\/\/crobox.ba\/office\/wp-json\/wp\/v2\/product\/5202"}],"collection":[{"href":"https:\/\/crobox.ba\/office\/wp-json\/wp\/v2\/product"}],"about":[{"href":"https:\/\/crobox.ba\/office\/wp-json\/wp\/v2\/types\/product"}],"replies":[{"embeddable":true,"href":"https:\/\/crobox.ba\/office\/wp-json\/wp\/v2\/comments?post=5202"}],"wp:featuredmedia":[{"embeddable":true,"href":"https:\/\/crobox.ba\/office\/wp-json\/wp\/v2\/media\/4386"}],"wp:attachment":[{"href":"https:\/\/crobox.ba\/office\/wp-json\/wp\/v2\/media?parent=5202"}],"curies":[{"name":"wp","href":"https:\/\/api.w.org\/{rel}","templated":true}]}}