{"id":5234,"date":"2020-10-07T06:21:24","date_gmt":"2020-10-07T06:21:24","guid":{"rendered":"https:\/\/crobox.ba\/office\/product\/kanta-za-kisobrane-zicana-crna-fornax\/"},"modified":"2020-10-07T06:21:24","modified_gmt":"2020-10-07T06:21:24","slug":"kanta-za-kisobrane-zicana-crna-fornax","status":"publish","type":"product","link":"https:\/\/crobox.ba\/office\/product\/kanta-za-kisobrane-zicana-crna-fornax\/","title":{"rendered":"KANTA ZA KI\u0160OBRANE \u017dI\u010cANA CRNA FORNAX"},"content":{"rendered":"<p>Jedinica mjere: KOM<\/p>\n","protected":false},"excerpt":{"rendered":"<p>Jedinica mjere: KOM<\/p>\n","protected":false},"featured_media":4448,"comment_status":"closed","ping_status":"open","template":"","meta":[],"_links":{"self":[{"href":"https:\/\/crobox.ba\/office\/wp-json\/wp\/v2\/product\/5234"}],"collection":[{"href":"https:\/\/crobox.ba\/office\/wp-json\/wp\/v2\/product"}],"about":[{"href":"https:\/\/crobox.ba\/office\/wp-json\/wp\/v2\/types\/product"}],"replies":[{"embeddable":true,"href":"https:\/\/crobox.ba\/office\/wp-json\/wp\/v2\/comments?post=5234"}],"wp:featuredmedia":[{"embeddable":true,"href":"https:\/\/crobox.ba\/office\/wp-json\/wp\/v2\/media\/4448"}],"wp:attachment":[{"href":"https:\/\/crobox.ba\/office\/wp-json\/wp\/v2\/media?parent=5234"}],"curies":[{"name":"wp","href":"https:\/\/api.w.org\/{rel}","templated":true}]}}