{"id":5236,"date":"2020-10-07T06:21:24","date_gmt":"2020-10-07T06:21:24","guid":{"rendered":"https:\/\/crobox.ba\/office\/product\/kanta-za-smece-zicana-srebrena-fornax\/"},"modified":"2020-10-07T06:21:25","modified_gmt":"2020-10-07T06:21:25","slug":"kanta-za-smece-zicana-srebrena-fornax","status":"publish","type":"product","link":"https:\/\/crobox.ba\/office\/product\/kanta-za-smece-zicana-srebrena-fornax\/","title":{"rendered":"KANTA ZA SME\u0106E \u017dI\u010cANA SREBRENA FORNAX"},"content":{"rendered":"<p>Jedinica mjere: KOM<\/p>\n","protected":false},"excerpt":{"rendered":"<p>Jedinica mjere: KOM<\/p>\n","protected":false},"featured_media":4452,"comment_status":"closed","ping_status":"open","template":"","meta":[],"_links":{"self":[{"href":"https:\/\/crobox.ba\/office\/wp-json\/wp\/v2\/product\/5236"}],"collection":[{"href":"https:\/\/crobox.ba\/office\/wp-json\/wp\/v2\/product"}],"about":[{"href":"https:\/\/crobox.ba\/office\/wp-json\/wp\/v2\/types\/product"}],"replies":[{"embeddable":true,"href":"https:\/\/crobox.ba\/office\/wp-json\/wp\/v2\/comments?post=5236"}],"wp:featuredmedia":[{"embeddable":true,"href":"https:\/\/crobox.ba\/office\/wp-json\/wp\/v2\/media\/4452"}],"wp:attachment":[{"href":"https:\/\/crobox.ba\/office\/wp-json\/wp\/v2\/media?parent=5236"}],"curies":[{"name":"wp","href":"https:\/\/api.w.org\/{rel}","templated":true}]}}