{"id":5324,"date":"2020-10-07T06:22:05","date_gmt":"2020-10-07T06:22:05","guid":{"rendered":"https:\/\/crobox.ba\/office\/product\/sredstvo-za-cisc-soffio-a-400ml\/"},"modified":"2020-10-07T06:22:08","modified_gmt":"2020-10-07T06:22:08","slug":"sredstvo-za-cisc-soffio-a-400ml","status":"publish","type":"product","link":"https:\/\/crobox.ba\/office\/product\/sredstvo-za-cisc-soffio-a-400ml\/","title":{"rendered":"SREDSTVO ZA \u010cI\u0160\u0106. SOFFIO A 400ml"},"content":{"rendered":"<p>Jedinica mjere: KOM<\/p>\n","protected":false},"excerpt":{"rendered":"<p>Jedinica mjere: KOM<\/p>\n","protected":false},"featured_media":4586,"comment_status":"closed","ping_status":"open","template":"","meta":[],"_links":{"self":[{"href":"https:\/\/crobox.ba\/office\/wp-json\/wp\/v2\/product\/5324"}],"collection":[{"href":"https:\/\/crobox.ba\/office\/wp-json\/wp\/v2\/product"}],"about":[{"href":"https:\/\/crobox.ba\/office\/wp-json\/wp\/v2\/types\/product"}],"replies":[{"embeddable":true,"href":"https:\/\/crobox.ba\/office\/wp-json\/wp\/v2\/comments?post=5324"}],"wp:featuredmedia":[{"embeddable":true,"href":"https:\/\/crobox.ba\/office\/wp-json\/wp\/v2\/media\/4586"}],"wp:attachment":[{"href":"https:\/\/crobox.ba\/office\/wp-json\/wp\/v2\/media?parent=5324"}],"curies":[{"name":"wp","href":"https:\/\/api.w.org\/{rel}","templated":true}]}}