{"id":5325,"date":"2020-10-07T06:22:05","date_gmt":"2020-10-07T06:22:05","guid":{"rendered":"https:\/\/crobox.ba\/office\/product\/sredstvo-za-ciscenje-ekrana-sprej-250ml-fornax\/"},"modified":"2020-10-07T06:22:09","modified_gmt":"2020-10-07T06:22:09","slug":"sredstvo-za-ciscenje-ekrana-sprej-250ml-fornax","status":"publish","type":"product","link":"https:\/\/crobox.ba\/office\/product\/sredstvo-za-ciscenje-ekrana-sprej-250ml-fornax\/","title":{"rendered":"SREDSTVO ZA \u010cI\u0160\u0106ENJE EKRANA SPREJ 250ml FORNAX"},"content":{"rendered":"<p>Jedinica mjere: KOM<\/p>\n","protected":false},"excerpt":{"rendered":"<p>Jedinica mjere: KOM<\/p>\n","protected":false},"featured_media":4588,"comment_status":"closed","ping_status":"open","template":"","meta":[],"_links":{"self":[{"href":"https:\/\/crobox.ba\/office\/wp-json\/wp\/v2\/product\/5325"}],"collection":[{"href":"https:\/\/crobox.ba\/office\/wp-json\/wp\/v2\/product"}],"about":[{"href":"https:\/\/crobox.ba\/office\/wp-json\/wp\/v2\/types\/product"}],"replies":[{"embeddable":true,"href":"https:\/\/crobox.ba\/office\/wp-json\/wp\/v2\/comments?post=5325"}],"wp:featuredmedia":[{"embeddable":true,"href":"https:\/\/crobox.ba\/office\/wp-json\/wp\/v2\/media\/4588"}],"wp:attachment":[{"href":"https:\/\/crobox.ba\/office\/wp-json\/wp\/v2\/media?parent=5325"}],"curies":[{"name":"wp","href":"https:\/\/api.w.org\/{rel}","templated":true}]}}