{"id":5330,"date":"2020-10-07T06:22:05","date_gmt":"2020-10-07T06:22:05","guid":{"rendered":"https:\/\/crobox.ba\/office\/product\/sredstvo-za-ciscenje-plastike-vl-mar-100-1-fornax\/"},"modified":"2020-10-07T06:22:13","modified_gmt":"2020-10-07T06:22:13","slug":"sredstvo-za-ciscenje-plastike-vl-mar-100-1-fornax","status":"publish","type":"product","link":"https:\/\/crobox.ba\/office\/product\/sredstvo-za-ciscenje-plastike-vl-mar-100-1-fornax\/","title":{"rendered":"SREDSTVO ZA \u010cI\u0160\u0106ENJE PLASTIKE VL.MAR 100\/1 FORNAX"},"content":{"rendered":"<p>Jedinica mjere: KOM<\/p>\n","protected":false},"excerpt":{"rendered":"<p>Jedinica mjere: KOM<\/p>\n","protected":false},"featured_media":4599,"comment_status":"closed","ping_status":"open","template":"","meta":[],"_links":{"self":[{"href":"https:\/\/crobox.ba\/office\/wp-json\/wp\/v2\/product\/5330"}],"collection":[{"href":"https:\/\/crobox.ba\/office\/wp-json\/wp\/v2\/product"}],"about":[{"href":"https:\/\/crobox.ba\/office\/wp-json\/wp\/v2\/types\/product"}],"replies":[{"embeddable":true,"href":"https:\/\/crobox.ba\/office\/wp-json\/wp\/v2\/comments?post=5330"}],"wp:featuredmedia":[{"embeddable":true,"href":"https:\/\/crobox.ba\/office\/wp-json\/wp\/v2\/media\/4599"}],"wp:attachment":[{"href":"https:\/\/crobox.ba\/office\/wp-json\/wp\/v2\/media?parent=5330"}],"curies":[{"name":"wp","href":"https:\/\/api.w.org\/{rel}","templated":true}]}}