{"id":5389,"date":"2020-10-07T08:07:19","date_gmt":"2020-10-07T08:07:19","guid":{"rendered":"https:\/\/crobox.ba\/office\/product\/set-za-ciscenje-kompjutera\/"},"modified":"2020-10-08T13:41:58","modified_gmt":"2020-10-08T11:41:58","slug":"set-za-ciscenje-kompjutera","status":"publish","type":"product","link":"https:\/\/crobox.ba\/office\/product\/set-za-ciscenje-kompjutera\/","title":{"rendered":"SET ZA \u010cI\u0160\u010cENJE KOMPJUTERA"},"content":{"rendered":"","protected":false},"excerpt":{"rendered":"","protected":false},"featured_media":0,"comment_status":"closed","ping_status":"closed","template":"","meta":[],"_links":{"self":[{"href":"https:\/\/crobox.ba\/office\/wp-json\/wp\/v2\/product\/5389"}],"collection":[{"href":"https:\/\/crobox.ba\/office\/wp-json\/wp\/v2\/product"}],"about":[{"href":"https:\/\/crobox.ba\/office\/wp-json\/wp\/v2\/types\/product"}],"replies":[{"embeddable":true,"href":"https:\/\/crobox.ba\/office\/wp-json\/wp\/v2\/comments?post=5389"}],"wp:attachment":[{"href":"https:\/\/crobox.ba\/office\/wp-json\/wp\/v2\/media?parent=5389"}],"curies":[{"name":"wp","href":"https:\/\/api.w.org\/{rel}","templated":true}]}}